{"id":5751,"date":"2020-12-16T13:33:42","date_gmt":"2020-12-16T12:33:42","guid":{"rendered":"http:\/\/novo.pir.sik.si\/?page_id=5751"},"modified":"2022-04-15T11:13:00","modified_gmt":"2022-04-15T09:13:00","slug":"mia-biblioteca","status":"publish","type":"page","link":"https:\/\/www.pir.sik.si\/it\/mia-biblioteca\/","title":{"rendered":"Mia biblioteca"},"content":{"rendered":"<p><span style=\"font-family: verdana, geneva, sans-serif; color: #333333;\"><a style=\"color: #333333;\" href=\"https:\/\/plus.cobiss.net\/cobiss\/si\/sl\/user\/login\" target=\"_blank\" rel=\"noopener noreferrer\"><img fetchpriority=\"high\" decoding=\"async\" class=\"alignnone wp-image-2629\" src=\"https:\/\/www.pir.sik.si\/wp-content\/uploads\/2020\/08\/Moja-knji\u017enica-300x212.jpg\" alt=\"\" width=\"352\" height=\"249\" srcset=\"https:\/\/www.pir.sik.si\/wp-content\/uploads\/2020\/08\/Moja-knji\u017enica-300x212.jpg 300w, https:\/\/www.pir.sik.si\/wp-content\/uploads\/2020\/08\/Moja-knji\u017enica-768x543.jpg 768w, https:\/\/www.pir.sik.si\/wp-content\/uploads\/2020\/08\/Moja-knji\u017enica.jpg 800w\" sizes=\"(max-width: 352px) 100vw, 352px\" \/><\/a><\/span><\/p>\n<p><span style=\"font-family: verdana, geneva, sans-serif; color: #333333;\">\u00c8 il servizio internet di COBISS+ che definisce le modalit\u00e0 e le possibilit\u00e0 di prestito:<\/span><\/p>\n<ul>\n<li><span style=\"font-family: verdana, geneva, sans-serif; color: #333333;\"><strong>Pi\u00f9 tempo prima di restituire il materiale in prestito?<\/strong> Selezionate nell&#8217;ultima colonna di sinistra i titoli gi\u00e0 in prestito, confermate in fondo all&#8217;elenco &#8220;desidero prolungare&#8221;. Comparir\u00e0 l&#8217;elenco dei libri con la nuova data di restituzione. L&#8217;operazione non risulter\u00e0 valida se la data sar\u00e0 gi\u00e0 scaduta, se il prestito \u00e8 gi\u00e0 stato prolungato due volte, se il materiale librario \u00e8 stato prenotato da un altro utente, se avete pendenze di pagamento con l&#8217;ente. <\/span><\/li>\n<li><span style=\"font-family: verdana, geneva, sans-serif; color: #333333;\"><strong>La prenotazione<\/strong> \u00e8 possibile se il materiale librario \u00e8 disponibile. Entro 5 giorni pu\u00f2 essere prelevato personalmente nella biblioteca dove \u00e8 stata effettuata la prenotazione.<\/span><\/li>\n<li><span style=\"font-family: verdana, geneva, sans-serif; color: #333333;\"><strong>Prenotazione di materiale gi\u00e0 in prestito<\/strong>. Pu\u00f2 essere prelevato entro i 5 giorni successivi la data di comunicazione da parte della biblioteca che il materiale richiesto \u00e8 a disposizione. Si possono prenotare fino a 5 titoli. <\/span><\/li>\n<li><span style=\"font-family: verdana, geneva, sans-serif; color: #333333;\"><strong>Storia dei prestiti<\/strong>. Presso la biblioteca dove si \u00e8 iscritti \u00e8 possibile vedere tutto l&#8217;elenco dei prestiti effettuati negli ultimi 5 anni. L&#8217;elenco \u00e8 riferito alla tessera valida in uso.<\/span><\/li>\n<li><span style=\"font-family: verdana, geneva, sans-serif; color: #333333;\"><strong>Prestito interbibliotecario<\/strong>.<\/span><\/li>\n<li><strong><span style=\"font-family: verdana, geneva, sans-serif; color: #333333;\">Analisi dei possibili debiti dell&#8217;utente.<\/span><\/strong><\/li>\n<li><strong><span style=\"font-family: verdana, geneva, sans-serif; color: #333333;\">Cambiare la password.<\/span><\/strong><\/li>\n<li><span style=\"font-family: verdana, geneva, sans-serif; color: #333333;\"><strong>Informazione elettronica.<\/strong> Potete scegliere come venire informati riguardo la prenotazione dei materiali, la scadenza della data di restituzione, la scadenza dell&#8217;iscrizione e le informazioni generali della biblioteca. Potete ricevere tutto tramite posta elettronica o come messaggio sms.<\/span><\/li>\n<\/ul>\n<p><span style=\"font-family: verdana, geneva, sans-serif; color: #333333;\">Per usare i <a href=\"https:\/\/plus.cobiss.net\/cobiss\/si\/sl\/user\/login\" target=\"_blank\" rel=\"noopener noreferrer\">servizi internet<\/a> avete bisogno del numero della tessera d&#8217;iscrizione e della parola d&#8217;ordine (password). Una e-mail di conferma da parte della biblioteca con la password vi permetter\u00e0 di effettuare la registrazione.<\/span><\/p>\n<p>&nbsp;<\/p>\n","protected":false},"excerpt":{"rendered":"<p>\u00c8 il servizio internet di COBISS+ che definisce le modalit\u00e0 e le possibilit\u00e0 di prestito: Pi\u00f9 tempo prima di restituire il materiale in prestito? Selezionate nell&#8217;ultima colonna di sinistra i [&hellip;]<\/p>\n","protected":false},"author":1,"featured_media":0,"parent":0,"menu_order":0,"comment_status":"closed","ping_status":"closed","template":"","meta":{"_acf_changed":false,"footnotes":""},"class_list":["post-5751","page","type-page","status-publish","hentry"],"acf":[],"_links":{"self":[{"href":"https:\/\/www.pir.sik.si\/it\/wp-json\/wp\/v2\/pages\/5751","targetHints":{"allow":["GET"]}}],"collection":[{"href":"https:\/\/www.pir.sik.si\/it\/wp-json\/wp\/v2\/pages"}],"about":[{"href":"https:\/\/www.pir.sik.si\/it\/wp-json\/wp\/v2\/types\/page"}],"author":[{"embeddable":true,"href":"https:\/\/www.pir.sik.si\/it\/wp-json\/wp\/v2\/users\/1"}],"replies":[{"embeddable":true,"href":"https:\/\/www.pir.sik.si\/it\/wp-json\/wp\/v2\/comments?post=5751"}],"version-history":[{"count":5,"href":"https:\/\/www.pir.sik.si\/it\/wp-json\/wp\/v2\/pages\/5751\/revisions"}],"predecessor-version":[{"id":11377,"href":"https:\/\/www.pir.sik.si\/it\/wp-json\/wp\/v2\/pages\/5751\/revisions\/11377"}],"wp:attachment":[{"href":"https:\/\/www.pir.sik.si\/it\/wp-json\/wp\/v2\/media?parent=5751"}],"curies":[{"name":"wp","href":"https:\/\/api.w.org\/{rel}","templated":true}]}}