{"id":5757,"date":"2020-12-16T13:34:51","date_gmt":"2020-12-16T12:34:51","guid":{"rendered":"http:\/\/novo.pir.sik.si\/?page_id=5757"},"modified":"2022-09-01T11:57:22","modified_gmt":"2022-09-01T09:57:22","slug":"contatti","status":"publish","type":"page","link":"https:\/\/www.pir.sik.si\/it\/contatti\/","title":{"rendered":"Contatti"},"content":{"rendered":"\t\t<div data-elementor-type=\"wp-page\" data-elementor-id=\"5757\" class=\"elementor elementor-5757 elementor-401\" data-elementor-post-type=\"page\">\n\t\t\t\t\t\t<section class=\"elementor-section elementor-top-section elementor-element elementor-element-dd6f9d2 elementor-section-boxed elementor-section-height-default elementor-section-height-default\" data-id=\"dd6f9d2\" data-element_type=\"section\" data-e-type=\"section\">\n\t\t\t\t\t\t<div class=\"elementor-container elementor-column-gap-default\">\n\t\t\t\t\t<div class=\"elementor-column elementor-col-100 elementor-top-column elementor-element elementor-element-2c1e1f3\" data-id=\"2c1e1f3\" data-element_type=\"column\" data-e-type=\"column\">\n\t\t\t<div class=\"elementor-widget-wrap elementor-element-populated\">\n\t\t\t\t\t\t<section class=\"elementor-section elementor-inner-section elementor-element elementor-element-05662be elementor-section-boxed elementor-section-height-default elementor-section-height-default\" data-id=\"05662be\" data-element_type=\"section\" data-e-type=\"section\">\n\t\t\t\t\t\t<div class=\"elementor-container elementor-column-gap-default\">\n\t\t\t\t\t<div class=\"elementor-column elementor-col-50 elementor-inner-column elementor-element elementor-element-a9ff650\" data-id=\"a9ff650\" data-element_type=\"column\" data-e-type=\"column\">\n\t\t\t<div class=\"elementor-widget-wrap elementor-element-populated\">\n\t\t\t\t\t\t<div class=\"elementor-element elementor-element-d208d65 elementor-widget elementor-widget-text-editor\" data-id=\"d208d65\" data-element_type=\"widget\" data-e-type=\"widget\" data-widget_type=\"text-editor.default\">\n\t\t\t\t<div class=\"elementor-widget-container\">\n\t\t\t\t\t\t\t\t\t<p><span style=\"color: #333333;\"><strong><span style=\"font-family: verdana, geneva, sans-serif;\">DIREZIONE<\/span><\/strong><\/span><br \/><span style=\"font-family: verdana, geneva, sans-serif; color: #333333;\">Lungomare 114, 6320 Portorose<\/span><\/p><p><span style=\"font-family: verdana, geneva, sans-serif; color: #333333;\"><strong>Mag. Patricija Vi\u0161njevec<\/strong>, direttrice<\/span><br \/><span style=\"font-family: verdana, geneva, sans-serif; color: #333333;\">Tel.: <a href=\"tel:05 6710 876\">05 6710 876<\/a><\/span><br \/><span style=\"font-family: verdana, geneva, sans-serif; color: #333333;\">E-mail: <a href=\"mailto:patricija.visnjevec@pir.sik.si\">patricija.visnjevec@pir.sik.si<\/a><\/span><\/p><p><span style=\"font-family: verdana, geneva, sans-serif; color: #333333;\"><strong>Tea Andreja\u0161i\u010d<\/strong>, segretaria<\/span><br \/><span style=\"font-family: verdana, geneva, sans-serif; color: #333333;\">Tel.: <a href=\"tel:05 6710 870\">05 6710 870<\/a><\/span><br \/><span style=\"font-family: verdana, geneva, sans-serif; color: #333333;\">E-mail: <a href=\"mailto:tea.andrejasic@pir.sik.si\">tea.andrejasic@pir.sik.si<\/a><\/span><\/p><p><span style=\"color: #333333;\"><strong><span style=\"font-family: verdana, geneva, sans-serif;\">UFFICIO PER L\u2019ACQUISTO E L\u2019ELABORAZIONE LIBRARIA<\/span><\/strong><\/span><br \/><span style=\"font-family: verdana, geneva, sans-serif; color: #333333;\">Lungomare 114, 6320 Portoro\u017e<\/span><\/p><p><strong><span style=\"font-family: verdana, geneva, sans-serif; color: #333333;\">Dunja Frelih <\/span><\/strong><br \/><span style=\"font-family: verdana, geneva, sans-serif; color: #333333;\">Tel.: <a href=\"tel:05 6710 874\">05 6710 874<\/a><\/span><br \/><span style=\"font-family: verdana, geneva, sans-serif; color: #333333;\">E-mail: <a href=\"mailto:dunja.frelih@pir.sik.si\">dunja.frelih@pir.sik.si<\/a><\/span><\/p><p><span style=\"color: #333333;\"><strong><span style=\"font-family: verdana, geneva, sans-serif;\">RACCOLTA PATRIA<\/span><\/strong><\/span><\/p><p>\u00a0<\/p>\t\t\t\t\t\t\t\t<\/div>\n\t\t\t\t<\/div>\n\t\t\t\t\t<\/div>\n\t\t<\/div>\n\t\t\t\t<div class=\"elementor-column elementor-col-50 elementor-inner-column elementor-element elementor-element-573583f\" data-id=\"573583f\" data-element_type=\"column\" data-e-type=\"column\">\n\t\t\t<div class=\"elementor-widget-wrap elementor-element-populated\">\n\t\t\t\t\t\t<div class=\"elementor-element elementor-element-aba0185 elementor-widget elementor-widget-text-editor\" data-id=\"aba0185\" data-element_type=\"widget\" data-e-type=\"widget\" data-widget_type=\"text-editor.default\">\n\t\t\t\t<div class=\"elementor-widget-container\">\n\t\t\t\t\t\t\t\t\t<p><strong><span style=\"font-family: verdana, geneva, sans-serif; color: #333333;\">REPARTI<\/span><\/strong><\/p><p><strong><span style=\"font-family: verdana, geneva, sans-serif; color: #333333;\">Biblioteca civica Pirano, Via \u017dupan\u010di\u010d 4, 6330 Pirano<\/span><\/strong><br \/><span style=\"font-family: verdana, geneva, sans-serif; color: #333333;\">Tel.: <a href=\"tel:05 6710 872\">05 6710 872<\/a> (prestito)<\/span><br \/><span style=\"font-family: verdana, geneva, sans-serif; color: #333333;\">Tel.: <a href=\"tel:05 6710 873\">05 6710 873<\/a> (informazioni)<\/span><br \/><span style=\"font-family: verdana, geneva, sans-serif; color: #333333;\">E-mail: <a href=\"mailto:infopir@pir.sik.si\">infopir@pir.sik.si<\/a><\/span><\/p><p><strong><span style=\"font-family: verdana, geneva, sans-serif; color: #333333;\">Biblioteca Lucia, Lungomare 114, 6320 Portorose<\/span><\/strong><br \/><span style=\"font-family: verdana, geneva, sans-serif; color: #333333;\">Tel.: <a href=\"tel:05 9095 464\">05 9095 464<\/a> (prestito e informazioni)<\/span><br \/><span style=\"font-family: verdana, geneva, sans-serif; color: #333333;\">E-po\u0161ta: <a href=\"mailto:infolucija@pir.sik.si\">infolucija@pir.sik.si<\/a><\/span><\/p>\t\t\t\t\t\t\t\t<\/div>\n\t\t\t\t<\/div>\n\t\t\t\t\t<\/div>\n\t\t<\/div>\n\t\t\t\t\t<\/div>\n\t\t<\/section>\n\t\t\t\t\t<\/div>\n\t\t<\/div>\n\t\t\t\t\t<\/div>\n\t\t<\/section>\n\t\t\t\t<section class=\"elementor-section elementor-top-section elementor-element elementor-element-19d35b86 elementor-section-boxed elementor-section-height-default elementor-section-height-default\" data-id=\"19d35b86\" data-element_type=\"section\" data-e-type=\"section\">\n\t\t\t\t\t\t<div class=\"elementor-container elementor-column-gap-default\">\n\t\t\t\t\t<div class=\"elementor-column elementor-col-100 elementor-top-column elementor-element elementor-element-befe463\" data-id=\"befe463\" data-element_type=\"column\" data-e-type=\"column\">\n\t\t\t<div class=\"elementor-widget-wrap elementor-element-populated\">\n\t\t\t\t\t\t<div class=\"elementor-element elementor-element-6e03cffb elementor-widget elementor-widget-text-editor\" data-id=\"6e03cffb\" data-element_type=\"widget\" data-e-type=\"widget\" data-widget_type=\"text-editor.default\">\n\t\t\t\t<div class=\"elementor-widget-container\">\n\t\t\t\t\t\t\t\t\t<p><span style=\"color: #333333;\"><strong style=\"font-family: var( --e-global-typography-text-font-family );\">&#8212;&#8212;&#8212;&#8212;&#8212;&#8212;&#8212;&#8212;&#8212;&#8212;&#8212;&#8212;&#8212;&#8212;&#8212;&#8212;&#8212;&#8212;&#8212;&#8212;&#8212;&#8212;&#8212;&#8212;&#8212;&#8212;&#8212;&#8212;&#8212;&#8212;&#8212;&#8212;&#8212;&#8212;&#8212;&#8212;&#8212;&#8212;&#8212;&#8212;&#8212;&#8212;&#8212;&#8212;&#8212;&#8212;&#8212;&#8212;&#8212;&#8212;&#8212;&#8212;&#8212;&#8212;&#8212;&#8212;&#8212;&#8212;&#8212;&#8212;&#8212;&#8212;&#8212;&#8212;&#8212;&#8212;&#8212;&#8212;&#8212;&#8212;&#8212;&#8212;&#8212;&#8212;&#8212;&#8212;&#8212;&#8212;&#8212;&#8212;&#8212;&#8212;&#8212;&#8212;&#8212;&#8212;&#8212;&#8212;&#8212;&#8212;&#8212;&#8212;&#8212;&#8212;&#8212;&#8212;&#8212;&#8212;&#8212;&#8212;&#8212;&#8212;&#8212;&#8212;&#8212;&#8212;&#8212;&#8211;<\/strong><\/span><\/p><p><span style=\"font-family: verdana, geneva, sans-serif; color: #333333;\"><strong>La biblioteca \u00e8 destinata a voi, desideriamo migliorarla anche grazie alla vostra collaborazione. Vi invitiamo ad esprimere il vostro giudizio, proposte, elogi e lamentele.<\/strong><\/span><\/p><p>\n<div class=\"wpcf7 no-js\" id=\"wpcf7-f5891-o1\" lang=\"sl-SI\" dir=\"ltr\" data-wpcf7-id=\"5891\">\n<div class=\"screen-reader-response\"><p role=\"status\" aria-live=\"polite\" aria-atomic=\"true\"><\/p> <ul><\/ul><\/div>\n<form action=\"\/it\/wp-json\/wp\/v2\/pages\/5757#wpcf7-f5891-o1\" method=\"post\" class=\"wpcf7-form init\" aria-label=\"Kontaktni obrazec\" novalidate=\"novalidate\" data-status=\"init\">\n<fieldset class=\"hidden-fields-container\"><input type=\"hidden\" name=\"_wpcf7\" value=\"5891\" \/><input type=\"hidden\" name=\"_wpcf7_version\" value=\"6.1.5\" \/><input type=\"hidden\" name=\"_wpcf7_locale\" value=\"sl_SI\" \/><input type=\"hidden\" name=\"_wpcf7_unit_tag\" value=\"wpcf7-f5891-o1\" \/><input type=\"hidden\" name=\"_wpcf7_container_post\" value=\"0\" \/><input type=\"hidden\" name=\"_wpcf7_posted_data_hash\" value=\"\" \/><input type=\"hidden\" name=\"_wpcf7cf_hidden_group_fields\" value=\"[]\" \/><input type=\"hidden\" name=\"_wpcf7cf_hidden_groups\" value=\"[]\" \/><input type=\"hidden\" name=\"_wpcf7cf_visible_groups\" value=\"[]\" \/><input type=\"hidden\" name=\"_wpcf7cf_repeaters\" value=\"[]\" \/><input type=\"hidden\" name=\"_wpcf7cf_steps\" value=\"{}\" \/><input type=\"hidden\" name=\"_wpcf7cf_options\" value=\"{&quot;form_id&quot;:5891,&quot;conditions&quot;:[],&quot;settings&quot;:{&quot;animation&quot;:&quot;yes&quot;,&quot;animation_intime&quot;:200,&quot;animation_outtime&quot;:200,&quot;conditions_ui&quot;:&quot;normal&quot;,&quot;notice_dismissed&quot;:false,&quot;notice_dismissed_rollback-cf7-5.3.2&quot;:true,&quot;notice_dismissed_rollback-cf7-5.8.7&quot;:true}}\" \/><input type=\"hidden\" name=\"_wpcf7dtx_version\" value=\"5.0.5\" \/><input type=\"hidden\" name=\"_wpcf7_recaptcha_response\" value=\"\" \/>\n<\/fieldset>\n<p><label> E-mail * <\/label><br \/>\n<span class=\"wpcf7-form-control-wrap\" data-name=\"elektronski\"><input size=\"40\" maxlength=\"400\" class=\"wpcf7-form-control wpcf7-email wpcf7-validates-as-required wpcf7-text wpcf7-validates-as-email\" aria-required=\"true\" aria-invalid=\"false\" value=\"\" type=\"email\" name=\"elektronski\" \/><\/span>\n<\/p>\n<p><label> Messaggio dell\u2019utente * <\/label><br \/>\n<span class=\"wpcf7-form-control-wrap\" data-name=\"sporocilo\"><textarea cols=\"40\" rows=\"10\" maxlength=\"2000\" class=\"wpcf7-form-control wpcf7-textarea wpcf7-validates-as-required\" aria-required=\"true\" aria-invalid=\"false\" name=\"sporocilo\"><\/textarea><\/span>\n<\/p>\n<p><span class=\"wpcf7-form-control-wrap\" data-name=\"PrivolitevGDPR\"><span class=\"wpcf7-form-control wpcf7-acceptance\"><span class=\"wpcf7-list-item\"><label><input type=\"checkbox\" name=\"PrivolitevGDPR\" value=\"1\" class=\"acceptance\" aria-invalid=\"false\" \/><span class=\"wpcf7-list-item-label\">Acconsento all\u2019uso dei dati personali per evidenze ed elaborazione dati, per le necessit\u00e0 professionali di consultazione, in armonia con la legge sulla Tutela dei dati personali.<\/span><\/label><\/span><\/span><\/span>\n<\/p>\n<p><input class=\"wpcf7-form-control wpcf7-submit has-spinner\" type=\"submit\" value=\"Invia\" \/>\n<\/p><div class=\"wpcf7-response-output\" aria-hidden=\"true\"><\/div>\n<\/form>\n<\/div>\n<\/p>\t\t\t\t\t\t\t\t<\/div>\n\t\t\t\t<\/div>\n\t\t\t\t\t<\/div>\n\t\t<\/div>\n\t\t\t\t\t<\/div>\n\t\t<\/section>\n\t\t\t\t<\/div>\n\t\t","protected":false},"excerpt":{"rendered":"<p>DIREZIONELungomare 114, 6320 Portorose Mag. Patricija Vi\u0161njevec, direttriceTel.: 05 6710 876E-mail: patricija.visnjevec@pir.sik.si Tea Andreja\u0161i\u010d, segretariaTel.: 05 6710 870E-mail: tea.andrejasic@pir.sik.si UFFICIO PER L\u2019ACQUISTO E L\u2019ELABORAZIONE LIBRARIALungomare 114, 6320 Portoro\u017e Dunja Frelih [&hellip;]<\/p>\n","protected":false},"author":1,"featured_media":0,"parent":0,"menu_order":0,"comment_status":"closed","ping_status":"closed","template":"","meta":{"_acf_changed":false,"footnotes":""},"class_list":["post-5757","page","type-page","status-publish","hentry"],"acf":[],"_links":{"self":[{"href":"https:\/\/www.pir.sik.si\/it\/wp-json\/wp\/v2\/pages\/5757","targetHints":{"allow":["GET"]}}],"collection":[{"href":"https:\/\/www.pir.sik.si\/it\/wp-json\/wp\/v2\/pages"}],"about":[{"href":"https:\/\/www.pir.sik.si\/it\/wp-json\/wp\/v2\/types\/page"}],"author":[{"embeddable":true,"href":"https:\/\/www.pir.sik.si\/it\/wp-json\/wp\/v2\/users\/1"}],"replies":[{"embeddable":true,"href":"https:\/\/www.pir.sik.si\/it\/wp-json\/wp\/v2\/comments?post=5757"}],"version-history":[{"count":46,"href":"https:\/\/www.pir.sik.si\/it\/wp-json\/wp\/v2\/pages\/5757\/revisions"}],"predecessor-version":[{"id":13337,"href":"https:\/\/www.pir.sik.si\/it\/wp-json\/wp\/v2\/pages\/5757\/revisions\/13337"}],"wp:attachment":[{"href":"https:\/\/www.pir.sik.si\/it\/wp-json\/wp\/v2\/media?parent=5757"}],"curies":[{"name":"wp","href":"https:\/\/api.w.org\/{rel}","templated":true}]}}