{"id":5766,"date":"2020-12-16T13:38:47","date_gmt":"2020-12-16T12:38:47","guid":{"rendered":"http:\/\/novo.pir.sik.si\/?page_id=5766"},"modified":"2021-09-09T12:18:50","modified_gmt":"2021-09-09T10:18:50","slug":"presentazione","status":"publish","type":"page","link":"https:\/\/www.pir.sik.si\/it\/presentazione\/","title":{"rendered":"Presentazione"},"content":{"rendered":"<p><span style=\"font-family: verdana, geneva, sans-serif; color: #333333;\">La Biblioteca civica \u00e8 l&#8217;ente che favorisce la crescita culturale individuale e collettiva, che riconosce il diritto all\u2019informazione e alla documentazione allo scopo di promuovere lo sviluppo della personalit\u00e0 e la consapevole partecipazione alla vita associata, agevola la realizzazione del diritto all\u2019educazione permanente, l\u2019accrescimento della professionalit\u00e0 e il miglior utilizzo del tempo libero nel comune di Pirano.<\/span><\/p>\n<p><span style=\"font-family: verdana, geneva, sans-serif; color: #333333;\">\u00c8 un ente pubblico che offre senza limiti l&#8217;accesso alle sue collezioni, alla sua documentazione, per porgere aiuto formale e informale, per la diffusione del libro e della lettura, per promuovere la cultura e la conoscenza con particolare attenzione al patrimonio linguistico plurale del nostro territorio, per promuovere l&#8217;autoformazione ed il sostegno all\u2019aggiornamento formativo anche in collaborazione con il sistema scolastico e universitario, con le istituzioni e associazioni culturali operanti nel territorio. <\/span><br \/>\n<span style=\"font-family: verdana, geneva, sans-serif; color: #333333;\">La Biblioteca civica favorisce l\u2019integrazione sociale ed interculturale attraverso l&#8217;uso dei mezzi di informazione e di comunicazione privilegiando l&#8217;utilizzo delle nuove tecnologie. Nella sua opera di divulgazione di tutte le forme di lettura \u00e8 particolarmente sensibile alle categorie svantaggiate e fragili, alle persone con disabilit\u00e0, eliminando quegli ostacoli che si frappongono alla fruizione dei diversi servizi bibliotecari. <\/span><\/p>\n<p><span style=\"font-family: verdana, geneva, sans-serif; color: #333333;\">La Biblioteca \u00e8 centro culturale poich\u00e9 offre e rende possibile l&#8217;accesso alle diverse fonti di informazione nate nella comunit\u00e0 locale e rilevanti per essa. La collezione di Storia patria raccoglie, custodisce, mette a disposizione la consultazione dei beni e materiali librari insieme ad informazioni del medesimo settore contribuendo alla tutela del patrimonio storico, culturale e naturale del nostro territorio. <\/span><\/p>\n<p><span style=\"font-family: verdana, geneva, sans-serif; color: #333333;\">La Biblioteca civica \u00e8 attiva sul territorio bilingue. A tale scopo \u00e8 promotrice di dialogo e scambi culturali fornendo varie forme di collaborazione con gli utenti della comunit\u00e0 italiana. Sostiene la capacit\u00e0 e la volont\u00e0 dei singoli per l&#8217;implementazione di una cultura della convivenza e del dialogo. <\/span><\/p>\n<p><span style=\"font-family: verdana, geneva, sans-serif; color: #333333;\">La Biblioteca nell\u2019espletamento delle sue attivit\u00e0 continuer\u00e0 a rimanere fedele al principio in base al quale l&#8217;accesso al sapere, ai beni culturali e alle informazioni deve essere libero e illimitato onde garantire lo sviluppo del singolo e di una societ\u00e0 democratica. In armonia con le nostre finalit\u00e0 e le possibilit\u00e0 ci impegneremo ad offrire agli utenti la massima qualit\u00e0 possibile, il libero accesso, l&#8217;efficacia e la variet\u00e0 dei servizi. <\/span><\/p>\n<p><span style=\"font-family: verdana, geneva, sans-serif; color: #333333;\"><a href=\"https:\/\/www.pir.sik.si\/wp-content\/uploads\/2020\/08\/Oddelek-Piran-1.jpg\" target=\"_blank\" rel=\"noopener noreferrer\"><img fetchpriority=\"high\" decoding=\"async\" class=\"alignnone wp-image-2605\" src=\"https:\/\/www.pir.sik.si\/wp-content\/uploads\/2020\/08\/Oddelek-Piran-1-300x194.jpg\" alt=\"\" width=\"293\" height=\"189\" srcset=\"https:\/\/www.pir.sik.si\/wp-content\/uploads\/2020\/08\/Oddelek-Piran-1-300x194.jpg 300w, https:\/\/www.pir.sik.si\/wp-content\/uploads\/2020\/08\/Oddelek-Piran-1-768x497.jpg 768w, https:\/\/www.pir.sik.si\/wp-content\/uploads\/2020\/08\/Oddelek-Piran-1.jpg 800w\" sizes=\"(max-width: 293px) 100vw, 293px\" \/><\/a><\/span> <span style=\"font-family: verdana, geneva, sans-serif; color: #333333;\"><a href=\"https:\/\/www.pir.sik.si\/wp-content\/uploads\/2021\/09\/DSC_7224-Piran-n-scaled.jpg\" target=\"_blank\" rel=\"noopener noreferrer\"><img decoding=\"async\" class=\"alignnone wp-image-9136 \" src=\"https:\/\/www.pir.sik.si\/wp-content\/uploads\/2021\/09\/DSC_7224-Piran-n-300x200.jpg\" alt=\"Mestna knji\u017enica Piran\" width=\"281\" height=\"187\" srcset=\"https:\/\/www.pir.sik.si\/wp-content\/uploads\/2021\/09\/DSC_7224-Piran-n-300x200.jpg 300w, https:\/\/www.pir.sik.si\/wp-content\/uploads\/2021\/09\/DSC_7224-Piran-n-1024x681.jpg 1024w, https:\/\/www.pir.sik.si\/wp-content\/uploads\/2021\/09\/DSC_7224-Piran-n-768x511.jpg 768w, https:\/\/www.pir.sik.si\/wp-content\/uploads\/2021\/09\/DSC_7224-Piran-n-1536x1022.jpg 1536w, https:\/\/www.pir.sik.si\/wp-content\/uploads\/2021\/09\/DSC_7224-Piran-n-2048x1363.jpg 2048w, https:\/\/www.pir.sik.si\/wp-content\/uploads\/2021\/09\/DSC_7224-Piran-n-600x400.jpg 600w, https:\/\/www.pir.sik.si\/wp-content\/uploads\/2021\/09\/DSC_7224-Piran-n-830x552.jpg 830w, https:\/\/www.pir.sik.si\/wp-content\/uploads\/2021\/09\/DSC_7224-Piran-n-940x625.jpg 940w\" sizes=\"(max-width: 281px) 100vw, 281px\" \/> <\/a><a href=\"https:\/\/www.pir.sik.si\/wp-content\/uploads\/2020\/09\/Lucija-2014-4.jpg\" target=\"_blank\" rel=\"noopener noreferrer\"><img decoding=\"async\" class=\"alignnone wp-image-2934\" src=\"https:\/\/www.pir.sik.si\/wp-content\/uploads\/2020\/09\/Lucija-2014-4-300x200.jpg\" alt=\"\" width=\"278\" height=\"185\" srcset=\"https:\/\/www.pir.sik.si\/wp-content\/uploads\/2020\/09\/Lucija-2014-4-300x200.jpg 300w, https:\/\/www.pir.sik.si\/wp-content\/uploads\/2020\/09\/Lucija-2014-4-768x513.jpg 768w, https:\/\/www.pir.sik.si\/wp-content\/uploads\/2020\/09\/Lucija-2014-4-600x400.jpg 600w, https:\/\/www.pir.sik.si\/wp-content\/uploads\/2020\/09\/Lucija-2014-4.jpg 800w\" sizes=\"(max-width: 278px) 100vw, 278px\" \/><\/a><a href=\"https:\/\/www.pir.sik.si\/wp-content\/uploads\/2020\/09\/Lucija-2014-4.jpg\" target=\"_blank\" rel=\"noopener noreferrer\"><img loading=\"lazy\" decoding=\"async\" class=\"alignnone wp-image-9138\" src=\"https:\/\/www.pir.sik.si\/wp-content\/uploads\/2021\/09\/IMG_0411-Lucija-n-300x200.jpg\" alt=\"Mestna knji\u017enica Piran\" width=\"278\" height=\"185\" srcset=\"https:\/\/www.pir.sik.si\/wp-content\/uploads\/2021\/09\/IMG_0411-Lucija-n-300x200.jpg 300w, https:\/\/www.pir.sik.si\/wp-content\/uploads\/2021\/09\/IMG_0411-Lucija-n-1024x683.jpg 1024w, https:\/\/www.pir.sik.si\/wp-content\/uploads\/2021\/09\/IMG_0411-Lucija-n-768x512.jpg 768w, https:\/\/www.pir.sik.si\/wp-content\/uploads\/2021\/09\/IMG_0411-Lucija-n-1536x1024.jpg 1536w, https:\/\/www.pir.sik.si\/wp-content\/uploads\/2021\/09\/IMG_0411-Lucija-n-600x400.jpg 600w, https:\/\/www.pir.sik.si\/wp-content\/uploads\/2021\/09\/IMG_0411-Lucija-n-830x554.jpg 830w, https:\/\/www.pir.sik.si\/wp-content\/uploads\/2021\/09\/IMG_0411-Lucija-n-940x627.jpg 940w, https:\/\/www.pir.sik.si\/wp-content\/uploads\/2021\/09\/IMG_0411-Lucija-n.jpg 1600w\" sizes=\"(max-width: 278px) 100vw, 278px\" \/><\/a><\/span><\/p>\n<p>&nbsp;<\/p>\n<p><span style=\"font-family: verdana, geneva, sans-serif; color: #333333;\"><strong>LA STORIA<\/strong><\/span><\/p>\n<p><span style=\"font-family: verdana, geneva, sans-serif; color: #333333;\">La Biblioteca civica di Pirano \u00e8 stata fondata il 23 marzo 1956 su decreto del Comitato comunale. \u00c8 la principale biblioteca del comune di Pirano e, con la propria attivit\u00e0, sopperisce alle esigenze delle seguenti localit\u00e0: Pirano, Portorose, Lucia, Sezza, Sicciole, Strugnano, Parezzago, Dragogna, Sv. Peter, Padna e Nova vas.<\/span><\/p>\n<p><span style=\"font-family: verdana, geneva, sans-serif; color: #333333;\">Dopo pi\u00f9 di 50 anni di attivit\u00e0 al pianoterra del palazzo del Tribunale in Piazza Tartini 1, con il mese di gennaio 2009, la Biblioteca si \u00e8 trasferita nei nuovi spazi in via \u017dupan\u010di\u010d 4, ad aprile dello stesso anno \u00e8 stata aperta la sezione di Lucia, Lungomare 116.<\/span><\/p>\n<p><span style=\"font-family: verdana, geneva, sans-serif; color: #333333;\">L&#8217;organizzazione moderna della biblioteca e la fornitura di contenuti culturali, educativi, di svago degli utenti, in primo luogo della popolazione locale, ma anche dei numerosi ospiti e visitatori della citt\u00e0, nei sessant&#8217;anni di storia della biblioteca, sono stati curati dai direttori dell&#8217;ente: Alojz Maru\u0161ko, Marija Sovre, Marjana Lenassi, Slavko Gaberc e Oriana Ko\u0161uta Krmac e i loro collaboratori.<\/span><\/p>\n<p><span style=\"font-family: verdana, geneva, sans-serif; color: #333333;\"><a style=\"color: #333333;\" href=\"https:\/\/www.pir.sik.si\/wp-content\/uploads\/2020\/08\/Zgodovina-1.jpg\" target=\"_blank\" rel=\"noopener noreferrer\"><img loading=\"lazy\" decoding=\"async\" class=\"alignnone wp-image-2593 \" src=\"https:\/\/www.pir.sik.si\/wp-content\/uploads\/2020\/08\/Zgodovina-1-300x222.jpg\" alt=\"\" width=\"282\" height=\"209\" srcset=\"https:\/\/www.pir.sik.si\/wp-content\/uploads\/2020\/08\/Zgodovina-1-300x222.jpg 300w, https:\/\/www.pir.sik.si\/wp-content\/uploads\/2020\/08\/Zgodovina-1-768x567.jpg 768w, https:\/\/www.pir.sik.si\/wp-content\/uploads\/2020\/08\/Zgodovina-1.jpg 800w\" sizes=\"(max-width: 282px) 100vw, 282px\" \/><\/a><\/span> <span style=\"font-family: verdana, geneva, sans-serif; color: #333333;\"><a style=\"color: #333333;\" href=\"https:\/\/www.pir.sik.si\/wp-content\/uploads\/2020\/08\/Zgodovina-2.jpg\" target=\"_blank\" rel=\"noopener noreferrer\"><img loading=\"lazy\" decoding=\"async\" class=\"alignnone wp-image-2595\" src=\"https:\/\/www.pir.sik.si\/wp-content\/uploads\/2020\/08\/Zgodovina-2-283x300.jpg\" alt=\"\" width=\"194\" height=\"205\" srcset=\"https:\/\/www.pir.sik.si\/wp-content\/uploads\/2020\/08\/Zgodovina-2-283x300.jpg 283w, https:\/\/www.pir.sik.si\/wp-content\/uploads\/2020\/08\/Zgodovina-2.jpg 755w\" sizes=\"(max-width: 194px) 100vw, 194px\" \/><\/a><\/span> <span style=\"font-family: verdana, geneva, sans-serif; color: #333333;\"><a href=\"https:\/\/www.pir.sik.si\/wp-content\/uploads\/2021\/09\/DSC_7988-Lucija-s-ConvertImage-scaled.jpg\" target=\"_blank\" rel=\"noopener\"><img loading=\"lazy\" decoding=\"async\" class=\"alignnone wp-image-9145\" src=\"https:\/\/www.pir.sik.si\/wp-content\/uploads\/2021\/09\/DSC_7988-Lucija-s-ConvertImage-300x162.jpg\" alt=\"Mestna knji\u017enica Piran\" width=\"371\" height=\"200\" srcset=\"https:\/\/www.pir.sik.si\/wp-content\/uploads\/2021\/09\/DSC_7988-Lucija-s-ConvertImage-300x162.jpg 300w, https:\/\/www.pir.sik.si\/wp-content\/uploads\/2021\/09\/DSC_7988-Lucija-s-ConvertImage-1024x554.jpg 1024w, https:\/\/www.pir.sik.si\/wp-content\/uploads\/2021\/09\/DSC_7988-Lucija-s-ConvertImage-768x415.jpg 768w, https:\/\/www.pir.sik.si\/wp-content\/uploads\/2021\/09\/DSC_7988-Lucija-s-ConvertImage-1536x830.jpg 1536w, https:\/\/www.pir.sik.si\/wp-content\/uploads\/2021\/09\/DSC_7988-Lucija-s-ConvertImage-2048x1107.jpg 2048w, https:\/\/www.pir.sik.si\/wp-content\/uploads\/2021\/09\/DSC_7988-Lucija-s-ConvertImage-830x449.jpg 830w, https:\/\/www.pir.sik.si\/wp-content\/uploads\/2021\/09\/DSC_7988-Lucija-s-ConvertImage-940x508.jpg 940w\" sizes=\"(max-width: 371px) 100vw, 371px\" \/><\/a><\/span> <span style=\"font-family: verdana, geneva, sans-serif; color: #333333;\"><a href=\"https:\/\/www.pir.sik.si\/wp-content\/uploads\/2021\/09\/IMG_1565-Lucija-s-ConvertImage-scaled.jpg\" target=\"_blank\" rel=\"noopener\"><img loading=\"lazy\" decoding=\"async\" class=\"alignnone wp-image-9147\" src=\"https:\/\/www.pir.sik.si\/wp-content\/uploads\/2021\/09\/IMG_1565-Lucija-s-ConvertImage-225x300.jpg\" alt=\"Mestna knji\u017enica Piran\" width=\"151\" height=\"202\" srcset=\"https:\/\/www.pir.sik.si\/wp-content\/uploads\/2021\/09\/IMG_1565-Lucija-s-ConvertImage-225x300.jpg 225w, https:\/\/www.pir.sik.si\/wp-content\/uploads\/2021\/09\/IMG_1565-Lucija-s-ConvertImage-768x1024.jpg 768w, https:\/\/www.pir.sik.si\/wp-content\/uploads\/2021\/09\/IMG_1565-Lucija-s-ConvertImage-1152x1536.jpg 1152w, https:\/\/www.pir.sik.si\/wp-content\/uploads\/2021\/09\/IMG_1565-Lucija-s-ConvertImage-1536x2048.jpg 1536w, https:\/\/www.pir.sik.si\/wp-content\/uploads\/2021\/09\/IMG_1565-Lucija-s-ConvertImage-830x1107.jpg 830w, https:\/\/www.pir.sik.si\/wp-content\/uploads\/2021\/09\/IMG_1565-Lucija-s-ConvertImage-940x1253.jpg 940w, https:\/\/www.pir.sik.si\/wp-content\/uploads\/2021\/09\/IMG_1565-Lucija-s-ConvertImage-scaled.jpg 1920w\" sizes=\"(max-width: 151px) 100vw, 151px\" \/><\/a><\/span><\/p>\n<p><span style=\"font-family: verdana, geneva, sans-serif; color: #333333;\"> \u00a0 <\/span><\/p>\n","protected":false},"excerpt":{"rendered":"<p>La Biblioteca civica \u00e8 l&#8217;ente che favorisce la crescita culturale individuale e collettiva, che riconosce il diritto all\u2019informazione e alla documentazione allo scopo di promuovere lo sviluppo della personalit\u00e0 e [&hellip;]<\/p>\n","protected":false},"author":1,"featured_media":0,"parent":0,"menu_order":0,"comment_status":"closed","ping_status":"closed","template":"","meta":{"_acf_changed":false,"footnotes":""},"class_list":["post-5766","page","type-page","status-publish","hentry"],"acf":[],"_links":{"self":[{"href":"https:\/\/www.pir.sik.si\/it\/wp-json\/wp\/v2\/pages\/5766","targetHints":{"allow":["GET"]}}],"collection":[{"href":"https:\/\/www.pir.sik.si\/it\/wp-json\/wp\/v2\/pages"}],"about":[{"href":"https:\/\/www.pir.sik.si\/it\/wp-json\/wp\/v2\/types\/page"}],"author":[{"embeddable":true,"href":"https:\/\/www.pir.sik.si\/it\/wp-json\/wp\/v2\/users\/1"}],"replies":[{"embeddable":true,"href":"https:\/\/www.pir.sik.si\/it\/wp-json\/wp\/v2\/comments?post=5766"}],"version-history":[{"count":10,"href":"https:\/\/www.pir.sik.si\/it\/wp-json\/wp\/v2\/pages\/5766\/revisions"}],"predecessor-version":[{"id":9151,"href":"https:\/\/www.pir.sik.si\/it\/wp-json\/wp\/v2\/pages\/5766\/revisions\/9151"}],"wp:attachment":[{"href":"https:\/\/www.pir.sik.si\/it\/wp-json\/wp\/v2\/media?parent=5766"}],"curies":[{"name":"wp","href":"https:\/\/api.w.org\/{rel}","templated":true}]}}