{"id":5768,"date":"2020-03-03T10:05:31","date_gmt":"2020-03-03T10:05:31","guid":{"rendered":"http:\/\/novo.pir.sik.si\/?page_id=5768"},"modified":"2022-10-27T08:43:37","modified_gmt":"2022-10-27T06:43:37","slug":"dipendenti","status":"publish","type":"page","link":"https:\/\/www.pir.sik.si\/it\/dipendenti\/","title":{"rendered":"Dipendenti"},"content":{"rendered":"<table style=\"border-collapse: collapse; width: 94.8513%; height: 264px;\">\n<tbody>\n<tr style=\"height: 24px;\">\n<td style=\"width: 33.3333%; height: 24px;\"><span style=\"font-family: verdana, geneva, sans-serif;\"><strong>Tanja Albreht<\/strong><\/span><\/td>\n<td style=\"width: 33.3333%; height: 24px;\"><span style=\"font-family: verdana, geneva, sans-serif;\"><strong>Tea Andreja\u0161i\u010d<\/strong><\/span><\/td>\n<td style=\"width: 33.3333%; height: 24px;\"><span style=\"font-family: verdana, geneva, sans-serif;\"><strong>Ana Bembi\u010d<\/strong><\/span><\/td>\n<\/tr>\n<tr style=\"height: 24px;\">\n<td style=\"width: 33.3333%; height: 24px;\"><span style=\"font-family: verdana, geneva, sans-serif;\"><a href=\"mailto:tanja.albreht@pir.sik.si\">tanja.albreht@pir.sik.si<\/a><\/span><\/td>\n<td style=\"width: 33.3333%; height: 24px;\"><span style=\"font-family: verdana, geneva, sans-serif;\"><a href=\"mailto:tea.andrejasic@pir.sik.si\">tea.andrejasic@pir.sik.si<\/a><\/span><\/td>\n<td style=\"width: 33.3333%; height: 24px;\"><a href=\"mailto:ana.bembic@pir.sik.si\"><span style=\"font-family: verdana, geneva, sans-serif;\">ana.bembic@pir.sik.si<\/span><\/a><\/td>\n<\/tr>\n<tr style=\"height: 24px;\">\n<td style=\"width: 33.3333%; height: 24px;\"><\/td>\n<td style=\"width: 33.3333%; height: 24px;\"><\/td>\n<td style=\"width: 33.3333%; height: 24px;\"><\/td>\n<\/tr>\n<tr style=\"height: 24px;\">\n<td style=\"width: 33.3333%; height: 24px;\"><span style=\"font-family: verdana, geneva, sans-serif;\"><strong>Dunja Frelih<\/strong><\/span><\/td>\n<td style=\"width: 33.3333%; height: 24px;\"><span style=\"font-family: verdana, geneva, sans-serif;\"><strong>Karmen Kodarin<\/strong><\/span><\/td>\n<td style=\"width: 33.3333%; height: 24px;\"><span style=\"font-family: verdana, geneva, sans-serif;\"><strong>Eva Kr\u017ee<\/strong><\/span><\/td>\n<\/tr>\n<tr style=\"height: 24px;\">\n<td style=\"width: 33.3333%; height: 24px;\"><span style=\"font-family: verdana, geneva, sans-serif;\"><a href=\"mailto:dunja.frelih@pir.sik.si\">dunja.frelih@pir.sik.si<\/a><\/span><\/td>\n<td style=\"width: 33.3333%; height: 24px;\"><span style=\"font-family: verdana, geneva, sans-serif;\"><a href=\"mailto:karmen.kodarin@pir.sik.si\">karmen.kodarin@pir.sik.si<\/a><\/span><\/td>\n<td style=\"width: 33.3333%; height: 24px;\"><span style=\"font-family: verdana, geneva, sans-serif;\"><a href=\"mailto:eva.krze@pir.sik.si\">eva.krze@pir.sik.si<\/a><\/span><\/td>\n<\/tr>\n<tr style=\"height: 24px;\">\n<td style=\"width: 33.3333%; height: 24px;\"><\/td>\n<td style=\"width: 33.3333%; height: 24px;\"><\/td>\n<td style=\"width: 33.3333%; height: 24px;\"><\/td>\n<\/tr>\n<tr style=\"height: 24px;\">\n<td style=\"width: 33.3333%; height: 24px;\"><span style=\"font-family: verdana, geneva, sans-serif;\"><strong>Aki Novakovi\u0107<\/strong><\/span><\/td>\n<td style=\"width: 33.3333%; height: 24px;\"><span style=\"font-family: verdana, geneva, sans-serif;\"><strong>Ivana Jana Paladin<\/strong><\/span><\/td>\n<td style=\"width: 33.3333%; height: 24px;\"><span style=\"font-family: verdana, geneva, sans-serif;\"><strong>Vida Turk<\/strong><\/span><\/td>\n<\/tr>\n<tr style=\"height: 24px;\">\n<td style=\"width: 33.3333%; height: 24px;\"><span style=\"font-family: verdana, geneva, sans-serif;\"><a href=\"mailto:aki.novakovic@pir.sik.si\">aki.novakovic@pir.sik.si<\/a><\/span><\/td>\n<td style=\"width: 33.3333%; height: 24px;\"><span style=\"font-family: verdana, geneva, sans-serif;\"><a href=\"mailto:ivana.jana.paladin@pir.sik.si\">ivana.jana.paladin@pir.sik.si<\/a><\/span><\/td>\n<td style=\"width: 33.3333%; height: 24px;\"><span style=\"font-family: verdana, geneva, sans-serif;\"><a href=\"mailto:vida.turk@pir.sik.si\">vida.turk@pir.sik.si<\/a><\/span><\/td>\n<\/tr>\n<tr style=\"height: 24px;\">\n<td style=\"width: 33.3333%; height: 24px;\"><\/td>\n<td style=\"width: 33.3333%; height: 24px;\"><\/td>\n<td style=\"width: 33.3333%; height: 24px;\"><\/td>\n<\/tr>\n<tr style=\"height: 24px;\">\n<td style=\"width: 33.3333%; height: 24px;\"><span style=\"font-family: verdana, geneva, sans-serif;\"><strong>Patricija Vi\u0161njevec<\/strong><\/span><\/td>\n<td style=\"width: 33.3333%; height: 24px;\"><strong><span style=\"font-family: verdana, geneva, sans-serif;\">Enea Vukovi\u0107 \u017dor\u017e<\/span><\/strong><\/td>\n<td style=\"width: 33.3333%; height: 24px;\"><\/td>\n<\/tr>\n<tr style=\"height: 24px;\">\n<td style=\"width: 33.3333%; height: 24px;\"><span style=\"font-family: verdana, geneva, sans-serif;\"><a href=\"mailto:patricija.visnjevec@pir.sik.si\">patricija.visnjevec@pir.sik.si<\/a><\/span><\/td>\n<td style=\"width: 33.3333%; height: 24px;\"><a href=\"mailto:enea.vzorz@pir.sik.si\" target=\"_blank\" rel=\"noopener\"><span style=\"font-family: verdana, geneva, sans-serif;\">enea.vzorz@pir.sik.si<\/span><\/a><\/td>\n<td style=\"width: 33.3333%; height: 24px;\"><\/td>\n<\/tr>\n<\/tbody>\n<\/table>\n","protected":false},"excerpt":{"rendered":"<p>Tanja Albreht Tea Andreja\u0161i\u010d Ana Bembi\u010d tanja.albreht@pir.sik.si tea.andrejasic@pir.sik.si ana.bembic@pir.sik.si Dunja Frelih Karmen Kodarin Eva Kr\u017ee dunja.frelih@pir.sik.si karmen.kodarin@pir.sik.si eva.krze@pir.sik.si Aki Novakovi\u0107 Ivana Jana Paladin Vida Turk aki.novakovic@pir.sik.si ivana.jana.paladin@pir.sik.si vida.turk@pir.sik.si Patricija Vi\u0161njevec [&hellip;]<\/p>\n","protected":false},"author":1,"featured_media":0,"parent":0,"menu_order":0,"comment_status":"closed","ping_status":"closed","template":"","meta":{"_acf_changed":false,"footnotes":""},"class_list":["post-5768","page","type-page","status-publish","hentry"],"acf":[],"_links":{"self":[{"href":"https:\/\/www.pir.sik.si\/it\/wp-json\/wp\/v2\/pages\/5768","targetHints":{"allow":["GET"]}}],"collection":[{"href":"https:\/\/www.pir.sik.si\/it\/wp-json\/wp\/v2\/pages"}],"about":[{"href":"https:\/\/www.pir.sik.si\/it\/wp-json\/wp\/v2\/types\/page"}],"author":[{"embeddable":true,"href":"https:\/\/www.pir.sik.si\/it\/wp-json\/wp\/v2\/users\/1"}],"replies":[{"embeddable":true,"href":"https:\/\/www.pir.sik.si\/it\/wp-json\/wp\/v2\/comments?post=5768"}],"version-history":[{"count":11,"href":"https:\/\/www.pir.sik.si\/it\/wp-json\/wp\/v2\/pages\/5768\/revisions"}],"predecessor-version":[{"id":14047,"href":"https:\/\/www.pir.sik.si\/it\/wp-json\/wp\/v2\/pages\/5768\/revisions\/14047"}],"wp:attachment":[{"href":"https:\/\/www.pir.sik.si\/it\/wp-json\/wp\/v2\/media?parent=5768"}],"curies":[{"name":"wp","href":"https:\/\/api.w.org\/{rel}","templated":true}]}}