{"id":5807,"date":"2020-12-16T14:01:33","date_gmt":"2020-12-16T13:01:33","guid":{"rendered":"http:\/\/novo.pir.sik.si\/?page_id=5807"},"modified":"2022-04-15T10:53:06","modified_gmt":"2022-04-15T08:53:06","slug":"prestito-prenozatione-proroga","status":"publish","type":"page","link":"https:\/\/www.pir.sik.si\/it\/il-materiale\/prestito-prenozatione-proroga\/","title":{"rendered":"Prestito, prenozatione, proroga"},"content":{"rendered":"\t\t<div data-elementor-type=\"wp-page\" data-elementor-id=\"5807\" class=\"elementor elementor-5807 elementor-1970\" data-elementor-post-type=\"page\">\n\t\t\t\t\t\t<section class=\"elementor-section elementor-top-section elementor-element elementor-element-9011936 elementor-section-boxed elementor-section-height-default elementor-section-height-default\" data-id=\"9011936\" data-element_type=\"section\" data-e-type=\"section\">\n\t\t\t\t\t\t<div class=\"elementor-container elementor-column-gap-default\">\n\t\t\t\t\t<div class=\"elementor-column elementor-col-100 elementor-top-column elementor-element elementor-element-9fb201c\" data-id=\"9fb201c\" data-element_type=\"column\" data-e-type=\"column\">\n\t\t\t<div class=\"elementor-widget-wrap elementor-element-populated\">\n\t\t\t\t\t\t<div class=\"elementor-element elementor-element-cf68c18 elementor-widget elementor-widget-image\" data-id=\"cf68c18\" data-element_type=\"widget\" data-e-type=\"widget\" data-widget_type=\"image.default\">\n\t\t\t\t<div class=\"elementor-widget-container\">\n\t\t\t\t\t\t\t\t\t\t\t\t\t\t\t<img fetchpriority=\"high\" decoding=\"async\" width=\"730\" height=\"124\" src=\"https:\/\/www.pir.sik.si\/wp-content\/uploads\/2020\/11\/izposoja-1024x174.jpg\" class=\"attachment-large size-large wp-image-4950\" alt=\"\" srcset=\"https:\/\/www.pir.sik.si\/wp-content\/uploads\/2020\/11\/izposoja-1024x174.jpg 1024w, https:\/\/www.pir.sik.si\/wp-content\/uploads\/2020\/11\/izposoja-300x51.jpg 300w, https:\/\/www.pir.sik.si\/wp-content\/uploads\/2020\/11\/izposoja-768x131.jpg 768w, https:\/\/www.pir.sik.si\/wp-content\/uploads\/2020\/11\/izposoja-1536x261.jpg 1536w, https:\/\/www.pir.sik.si\/wp-content\/uploads\/2020\/11\/izposoja-2048x348.jpg 2048w, https:\/\/www.pir.sik.si\/wp-content\/uploads\/2020\/11\/izposoja-830x141.jpg 830w, https:\/\/www.pir.sik.si\/wp-content\/uploads\/2020\/11\/izposoja-940x160.jpg 940w\" sizes=\"(max-width: 730px) 100vw, 730px\" \/>\t\t\t\t\t\t\t\t\t\t\t\t\t\t\t<\/div>\n\t\t\t\t<\/div>\n\t\t\t\t\t<\/div>\n\t\t<\/div>\n\t\t\t\t\t<\/div>\n\t\t<\/section>\n\t\t\t\t<section class=\"elementor-section elementor-top-section elementor-element elementor-element-4f47eb80 elementor-section-boxed elementor-section-height-default elementor-section-height-default\" data-id=\"4f47eb80\" data-element_type=\"section\" data-e-type=\"section\">\n\t\t\t\t\t\t<div class=\"elementor-container elementor-column-gap-default\">\n\t\t\t\t\t<div class=\"elementor-column elementor-col-100 elementor-top-column elementor-element elementor-element-996c23a\" data-id=\"996c23a\" data-element_type=\"column\" data-e-type=\"column\">\n\t\t\t<div class=\"elementor-widget-wrap elementor-element-populated\">\n\t\t\t\t\t\t<div class=\"elementor-element elementor-element-15da8732 elementor-widget elementor-widget-text-editor\" data-id=\"15da8732\" data-element_type=\"widget\" data-e-type=\"widget\" data-widget_type=\"text-editor.default\">\n\t\t\t\t<div class=\"elementor-widget-container\">\n\t\t\t\t\t\t\t\t\t<p><span style=\"font-size: 14pt;\"><strong><span style=\"font-family: verdana, geneva, sans-serif; color: #333333;\">Prestito<\/span><\/strong><\/span><\/p><p><span style=\"font-family: verdana, geneva, sans-serif; color: #333333;\">La durata del prestito \u00e8 di:<\/span><\/p><p><span style=\"font-family: verdana, geneva, sans-serif; color: #333333;\">20 giorni per il materiale librario e ebook reader,<\/span><br \/><span style=\"font-family: verdana, geneva, sans-serif; color: #333333;\">7 giorni per altri materiali.<\/span><\/p><p><span style=\"font-family: verdana, geneva, sans-serif; color: #333333;\">Il prestito in una delle sedi pu\u00f2 essere restituito in qualsiasi sezione.<\/span><\/p><p><span style=\"font-size: 14pt;\"><strong><span style=\"font-family: verdana, geneva, sans-serif; color: #333333;\">Prenotazione<\/span><\/strong><\/span><\/p><p><span style=\"font-family: verdana, geneva, sans-serif; color: #333333;\">Si pu\u00f2 prenotare tutto il materiale che la Biblioteca d\u00e0 in prestito a domicilio. \u00c8<\/span><span style=\"font-family: verdana, geneva, sans-serif; color: #333333;\"> possibile prenotare:<\/span><\/p><ul><li><span style=\"font-family: verdana, geneva, sans-serif; color: #333333;\">personalmente,<\/span><\/li><li><span style=\"font-family: verdana, geneva, sans-serif; color: #333333;\">per telefono,<\/span><\/li><li><span style=\"font-family: verdana, geneva, sans-serif; color: #333333;\">per posta elettronica,<\/span><\/li><li><span style=\"font-family: verdana, geneva, sans-serif; color: #333333;\">tramite app <a href=\"https:\/\/plus.cobiss.net\/cobiss\/si\/sl\/user\/login\" target=\"_blank\" rel=\"noopener\">Moja knji\u017enica<\/a> o app <a href=\"https:\/\/play.google.com\/store\/apps\/details?id=si.izum.mcobiss&amp;hl=sl&amp;gl=US\" target=\"_blank\" rel=\"noopener\">mCobiss<\/a>.<\/span><\/li><\/ul><p><span style=\"font-family: verdana, geneva, sans-serif; color: #333333;\">Si possono prenotare 5 titoli alla volta. Il materiale prenotato pu\u00f2 essere ritirato in 5 giorni a partire dal giorno in cui \u00e8 arrivato l&#8217;avviso dalla biblioteca.<\/span><\/p><p><span style=\"font-size: 14pt;\"><strong><span style=\"font-family: verdana, geneva, sans-serif; color: #333333;\">Proroga<\/span><\/strong><\/span><\/p><p><span style=\"font-family: verdana, geneva, sans-serif; color: #333333;\">\u00c8 possibile prorogare il prestito due volte prima della scadenza solo se il materiale non \u00e8 stato gi\u00e0 prenotato. Solo se il socio ha gi\u00e0 ricevuto l&#8217;ammonimento scritto, il prestito \u00e8 prorogabile per una settimana.<\/span><\/p><p><span style=\"font-family: verdana, geneva, sans-serif; color: #333333;\">Il prestito \u00e8 prorogabile in diversi modi:<\/span><\/p><ul><li><span style=\"font-family: verdana, geneva, sans-serif; color: #333333;\">personalmente,<\/span><\/li><li><span style=\"font-family: verdana, geneva, sans-serif; color: #333333;\">per telefono,<\/span><\/li><li><span style=\"font-family: verdana, geneva, sans-serif; color: #333333;\">per posta elettronica,<\/span><\/li><li><span style=\"font-family: verdana, geneva, sans-serif; color: #333333;\">tramite password rilasciata in Biblioteca (<a href=\"https:\/\/plus.cobiss.net\/cobiss\/si\/sl\/user\/login\" target=\"_blank\" rel=\"noopener\">Moja knji\u017enica<\/a> o app web <a href=\"https:\/\/play.google.com\/store\/apps\/details?id=si.izum.mcobiss&amp;hl=sl&amp;gl=US\" target=\"_blank\" rel=\"noopener\">mCobiss<\/a>).<\/span><\/li><\/ul><p><span style=\"color: #333333;\"><strong><span style=\"font-family: verdana, geneva, sans-serif;\">*Applicazione mCobiss-video istruzioni per l&#8217; uso:<\/span><\/strong><\/span><\/p><p><iframe title=\"mCOBISS 4.1\" width=\"730\" height=\"411\" src=\"https:\/\/www.youtube.com\/embed\/videoseries?list=PLeBQsIfZEzUOvJA63wrqoKMWhIddEkCgz\" frameborder=\"0\" allow=\"accelerometer; autoplay; clipboard-write; encrypted-media; gyroscope; picture-in-picture\" allowfullscreen><\/iframe><\/p><p><a href=\"https:\/\/www.pir.sik.si\/wp-content\/uploads\/2020\/08\/eva.jpg\"><img decoding=\"async\" class=\"aligncenter\" src=\"https:\/\/www.pir.sik.si\/wp-content\/uploads\/2020\/08\/eva.jpg\" alt=\"\" width=\"288\" height=\"216\" \/><\/a><\/p>\t\t\t\t\t\t\t\t<\/div>\n\t\t\t\t<\/div>\n\t\t\t\t\t<\/div>\n\t\t<\/div>\n\t\t\t\t\t<\/div>\n\t\t<\/section>\n\t\t\t\t<\/div>\n\t\t","protected":false},"excerpt":{"rendered":"<p>Prestito La durata del prestito \u00e8 di: 20 giorni per il materiale librario e ebook reader,7 giorni per altri materiali. Il prestito in una delle sedi pu\u00f2 essere restituito in [&hellip;]<\/p>\n","protected":false},"author":1,"featured_media":0,"parent":5804,"menu_order":0,"comment_status":"closed","ping_status":"closed","template":"","meta":{"_acf_changed":false,"footnotes":""},"class_list":["post-5807","page","type-page","status-publish","hentry"],"acf":[],"_links":{"self":[{"href":"https:\/\/www.pir.sik.si\/it\/wp-json\/wp\/v2\/pages\/5807","targetHints":{"allow":["GET"]}}],"collection":[{"href":"https:\/\/www.pir.sik.si\/it\/wp-json\/wp\/v2\/pages"}],"about":[{"href":"https:\/\/www.pir.sik.si\/it\/wp-json\/wp\/v2\/types\/page"}],"author":[{"embeddable":true,"href":"https:\/\/www.pir.sik.si\/it\/wp-json\/wp\/v2\/users\/1"}],"replies":[{"embeddable":true,"href":"https:\/\/www.pir.sik.si\/it\/wp-json\/wp\/v2\/comments?post=5807"}],"version-history":[{"count":70,"href":"https:\/\/www.pir.sik.si\/it\/wp-json\/wp\/v2\/pages\/5807\/revisions"}],"predecessor-version":[{"id":11368,"href":"https:\/\/www.pir.sik.si\/it\/wp-json\/wp\/v2\/pages\/5807\/revisions\/11368"}],"up":[{"embeddable":true,"href":"https:\/\/www.pir.sik.si\/it\/wp-json\/wp\/v2\/pages\/5804"}],"wp:attachment":[{"href":"https:\/\/www.pir.sik.si\/it\/wp-json\/wp\/v2\/media?parent=5807"}],"curies":[{"name":"wp","href":"https:\/\/api.w.org\/{rel}","templated":true}]}}