{"id":5833,"date":"2020-12-16T14:09:13","date_gmt":"2020-12-16T13:09:13","guid":{"rendered":"http:\/\/novo.pir.sik.si\/?page_id=5833"},"modified":"2020-12-28T16:09:20","modified_gmt":"2020-12-28T15:09:20","slug":"piccola-biblioteca-digitale","status":"publish","type":"page","link":"https:\/\/www.pir.sik.si\/it\/e-biblioteca\/piccola-biblioteca-digitale\/","title":{"rendered":"Piccola biblioteca digitale"},"content":{"rendered":"<h2><span style=\"font-family: verdana, geneva, sans-serif;\">Dala nostra casa editrice<\/span><\/h2>\n<div class=\"vsebina\">\n<table border=\"0\" cellspacing=\"0\" cellpadding=\"4\">\n<tbody>\n<tr>\n<td><a href=\"https:\/\/www.pir.sik.si\/wp-content\/uploads\/2020\/07\/Jurij-Rustja-No\u010dni-\u010duvaj.pdf\" target=\"_blank\" rel=\"noopener noreferrer\"><img decoding=\"async\" class=\"alignnone wp-image-5636 size-full\" src=\"https:\/\/www.pir.sik.si\/wp-content\/uploads\/2020\/11\/NocniCuvaj.jpg\" alt=\"\" width=\"120\" height=\"168\" \/><\/a><\/td>\n<td><a href=\"https:\/\/www.pir.sik.si\/wp-content\/uploads\/2020\/07\/\u0160pela-Pahor-Sre\u010danja-v-Piranu.pdf\" target=\"_blank\" rel=\"noopener noreferrer\"><img decoding=\"async\" class=\"alignnone wp-image-5638 size-full\" src=\"https:\/\/www.pir.sik.si\/wp-content\/uploads\/2020\/11\/SrecanjaVPiranu.jpg\" alt=\"\" width=\"120\" height=\"168\" \/><\/a><\/td>\n<td><a href=\"https:\/\/www.pir.sik.si\/wp-content\/uploads\/2020\/07\/V-zavetju-50-let-MKP.pdf\" target=\"_blank\" rel=\"noopener noreferrer\"><img decoding=\"async\" class=\"alignnone wp-image-5640 size-full\" src=\"https:\/\/www.pir.sik.si\/wp-content\/uploads\/2020\/11\/VZavetju.jpg\" alt=\"\" width=\"120\" height=\"168\" \/><\/a><\/td>\n<\/tr>\n<tr>\n<td><span style=\"font-family: verdana, geneva, sans-serif;\"><a href=\"https:\/\/www.pir.sik.si\/wp-content\/uploads\/2020\/07\/Jurij-Rustja-No\u010dni-\u010duvaj.pdf\" target=\"_blank\" rel=\"noopener noreferrer\">Jurij Rustija, No\u010dni \u010duvaj<\/a><\/span><\/td>\n<td><span style=\"font-family: verdana, geneva, sans-serif;\"><a href=\"https:\/\/www.pir.sik.si\/wp-content\/uploads\/2020\/07\/\u0160pela-Pahor-Sre\u010danja-v-Piranu.pdf\" target=\"_blank\" rel=\"noopener noreferrer\">\u0160pela Pahor, Sre\u010danja v Piranu<\/a><\/span><\/td>\n<td><span style=\"font-family: verdana, geneva, sans-serif;\"><a href=\"https:\/\/www.pir.sik.si\/wp-content\/uploads\/2020\/07\/V-zavetju-50-let-MKP.pdf\" target=\"_blank\" rel=\"noopener noreferrer\">V zavetju, 50 let Mestne Knji\u017enice Piran<\/a><\/span><\/td>\n<\/tr>\n<tr>\n<td colspan=\"3\"><\/td>\n<\/tr>\n<tr>\n<td><a href=\"https:\/\/www.pir.sik.si\/wp-content\/uploads\/2020\/07\/Pristani\u0161\u010de-besed-Odprta-branja-1999-2008.pdf\" target=\"_blank\" rel=\"noopener noreferrer\"><img loading=\"lazy\" decoding=\"async\" class=\"alignnone wp-image-5642 size-full\" src=\"https:\/\/www.pir.sik.si\/wp-content\/uploads\/2020\/11\/PristanisceBesed.jpg\" alt=\"\" width=\"120\" height=\"168\" \/><\/a><\/td>\n<td><a href=\"https:\/\/www.pir.sik.si\/wp-content\/uploads\/2020\/07\/Tonin.pdf\" target=\"_blank\" rel=\"noopener noreferrer\"><img loading=\"lazy\" decoding=\"async\" class=\"alignnone wp-image-5644 size-full\" src=\"https:\/\/www.pir.sik.si\/wp-content\/uploads\/2020\/11\/Tonin.jpg\" alt=\"\" width=\"120\" height=\"168\" \/><\/a><\/td>\n<td><a href=\"https:\/\/www.pir.sik.si\/wp-content\/uploads\/2020\/07\/Dve-okni-v-svet.pdf\" target=\"_blank\" rel=\"noopener noreferrer\"><img loading=\"lazy\" decoding=\"async\" class=\"alignnone wp-image-5646 size-full\" src=\"https:\/\/www.pir.sik.si\/wp-content\/uploads\/2020\/11\/Knjizica_petic_LD.jpg\" alt=\"\" width=\"120\" height=\"169\" \/><\/a><\/td>\n<\/tr>\n<tr>\n<td><span style=\"font-family: verdana, geneva, sans-serif;\"><a href=\"https:\/\/www.pir.sik.si\/wp-content\/uploads\/2020\/07\/Pristani\u0161\u010de-besed-Odprta-branja-1999-2008.pdf\" target=\"_blank\" rel=\"noopener noreferrer\">Odprta branja 1999 &#8211; 2008<\/a><\/span><\/td>\n<td><span style=\"font-family: verdana, geneva, sans-serif;\"><a href=\"https:\/\/www.pir.sik.si\/wp-content\/uploads\/2020\/07\/Tonin.pdf\" target=\"_blank\" rel=\"noopener noreferrer\">Vanja Pegan, Fulvia Zudi\u010d, Tonin<\/a><\/span><\/td>\n<td><span style=\"font-family: verdana, geneva, sans-serif;\"><a href=\"https:\/\/www.pir.sik.si\/wp-content\/uploads\/2020\/07\/Dve-okni-v-svet.pdf\" target=\"_blank\" rel=\"noopener noreferrer\">Mestna knji\u017enica Piran 2009 &#8211; dve okni v svet<\/a><\/span><\/td>\n<\/tr>\n<tr>\n<td colspan=\"3\"><\/td>\n<\/tr>\n<tr>\n<td><a href=\"https:\/\/www.pir.sik.si\/wp-content\/uploads\/2020\/07\/Sedem-zakladov-Pirana-SLO-ITA.pdf\" target=\"_blank\" rel=\"noopener noreferrer\"><img loading=\"lazy\" decoding=\"async\" class=\"alignnone wp-image-5648 size-full\" src=\"https:\/\/www.pir.sik.si\/wp-content\/uploads\/2020\/11\/Sedem_zakladov_Pirana.jpg\" alt=\"\" width=\"120\" height=\"168\" \/><\/a><\/td>\n<td><a href=\"https:\/\/www.pir.sik.si\/wp-content\/uploads\/2020\/07\/Sedem-zakladov-Pirana-SLO-ANG.pdf\" target=\"_blank\" rel=\"noopener noreferrer\"><img loading=\"lazy\" decoding=\"async\" class=\"alignnone wp-image-5650 size-full\" src=\"https:\/\/www.pir.sik.si\/wp-content\/uploads\/2020\/11\/Sedem_zakladov_Pirana_en.jpg\" alt=\"\" width=\"120\" height=\"168\" \/><\/a><\/td>\n<td><a href=\"https:\/\/www.youtube.com\/watch?v=Lkkew09qz2o\" target=\"_blank\" rel=\"noopener noreferrer\"><img loading=\"lazy\" decoding=\"async\" class=\"alignnone wp-image-5652 size-full\" src=\"https:\/\/www.pir.sik.si\/wp-content\/uploads\/2020\/11\/poletimo_skupaj.jpg\" alt=\"\" width=\"120\" height=\"168\" \/><\/a><\/td>\n<\/tr>\n<tr>\n<td><span style=\"font-family: verdana, geneva, sans-serif;\"><a href=\"https:\/\/www.pir.sik.si\/wp-content\/uploads\/2020\/07\/Sedem-zakladov-Pirana-SLO-ITA.pdf\" target=\"_blank\" rel=\"noopener noreferrer\">Sedem zakladov Pirana (SLO-ITA)<\/a><\/span><\/td>\n<td><span style=\"font-family: verdana, geneva, sans-serif;\"><a href=\"https:\/\/www.pir.sik.si\/wp-content\/uploads\/2020\/07\/Sedem-zakladov-Pirana-SLO-ANG.pdf\" target=\"_blank\" rel=\"noopener noreferrer\">Sedem zakladov Pirana (SLO-ENG)<\/a><\/span><\/td>\n<td><span style=\"font-family: verdana, geneva, sans-serif;\"><a href=\"https:\/\/www.youtube.com\/watch?v=Lkkew09qz2o\" target=\"_blank\" rel=\"noopener noreferrer\">Poletimo skupaj<\/a><\/span><\/td>\n<\/tr>\n<\/tbody>\n<\/table>\n<\/div>\n","protected":false},"excerpt":{"rendered":"<p>Dala nostra casa editrice Jurij Rustija, No\u010dni \u010duvaj \u0160pela Pahor, Sre\u010danja v Piranu V zavetju, 50 let Mestne Knji\u017enice Piran Odprta branja 1999 &#8211; 2008 Vanja Pegan, Fulvia Zudi\u010d, Tonin [&hellip;]<\/p>\n","protected":false},"author":1,"featured_media":0,"parent":5823,"menu_order":0,"comment_status":"closed","ping_status":"closed","template":"","meta":{"_acf_changed":false,"footnotes":""},"class_list":["post-5833","page","type-page","status-publish","hentry"],"acf":[],"_links":{"self":[{"href":"https:\/\/www.pir.sik.si\/it\/wp-json\/wp\/v2\/pages\/5833","targetHints":{"allow":["GET"]}}],"collection":[{"href":"https:\/\/www.pir.sik.si\/it\/wp-json\/wp\/v2\/pages"}],"about":[{"href":"https:\/\/www.pir.sik.si\/it\/wp-json\/wp\/v2\/types\/page"}],"author":[{"embeddable":true,"href":"https:\/\/www.pir.sik.si\/it\/wp-json\/wp\/v2\/users\/1"}],"replies":[{"embeddable":true,"href":"https:\/\/www.pir.sik.si\/it\/wp-json\/wp\/v2\/comments?post=5833"}],"version-history":[{"count":4,"href":"https:\/\/www.pir.sik.si\/it\/wp-json\/wp\/v2\/pages\/5833\/revisions"}],"predecessor-version":[{"id":6374,"href":"https:\/\/www.pir.sik.si\/it\/wp-json\/wp\/v2\/pages\/5833\/revisions\/6374"}],"up":[{"embeddable":true,"href":"https:\/\/www.pir.sik.si\/it\/wp-json\/wp\/v2\/pages\/5823"}],"wp:attachment":[{"href":"https:\/\/www.pir.sik.si\/it\/wp-json\/wp\/v2\/media?parent=5833"}],"curies":[{"name":"wp","href":"https:\/\/api.w.org\/{rel}","templated":true}]}}