{"id":5962,"date":"2020-12-17T12:50:06","date_gmt":"2020-12-17T11:50:06","guid":{"rendered":"http:\/\/novo.pir.sik.si\/?page_id=5962"},"modified":"2021-01-06T12:14:22","modified_gmt":"2021-01-06T11:14:22","slug":"ore-della-fiaba","status":"publish","type":"page","link":"https:\/\/www.pir.sik.si\/it\/promozione-e-cultura-della-lettura\/infanzia\/ore-della-fiaba\/","title":{"rendered":"Ore della fiaba"},"content":{"rendered":"<p><span style=\"font-family: verdana, geneva, sans-serif; color: #333333;\">Di regola si svolgono da ottobre a maggio (per bambini\u00a0<span lang=\"it\">dall&#8217;et\u00e0 di quattro anni)<\/span> in ambedue le sedi: a Lucia il marted\u00ec dalle 18 alle 19, a Pirano il mercoled\u00ec dalle 18 alle 19. La fiaba in lingua italiana si svolge ogni terza settimana del mese nelle giornate gi\u00e0 indicate.\u00a0<\/span><\/p>\n<p><a href=\"https:\/\/www.pir.sik.si\/wp-content\/uploads\/2020\/11\/IMG_0712.jpg\" target=\"_blank\" rel=\"noopener noreferrer\"><img decoding=\"async\" class=\"alignnone wp-image-4696\" src=\"https:\/\/www.pir.sik.si\/wp-content\/uploads\/2020\/11\/IMG_0712-300x225.jpg\" alt=\"Mestna knji\u017enica Piran\" width=\"231\" height=\"173\" srcset=\"https:\/\/www.pir.sik.si\/wp-content\/uploads\/2020\/11\/IMG_0712-300x225.jpg 300w, https:\/\/www.pir.sik.si\/wp-content\/uploads\/2020\/11\/IMG_0712-1024x768.jpg 1024w, https:\/\/www.pir.sik.si\/wp-content\/uploads\/2020\/11\/IMG_0712-768x576.jpg 768w, https:\/\/www.pir.sik.si\/wp-content\/uploads\/2020\/11\/IMG_0712-1536x1152.jpg 1536w, https:\/\/www.pir.sik.si\/wp-content\/uploads\/2020\/11\/IMG_0712-830x623.jpg 830w, https:\/\/www.pir.sik.si\/wp-content\/uploads\/2020\/11\/IMG_0712-940x705.jpg 940w, https:\/\/www.pir.sik.si\/wp-content\/uploads\/2020\/11\/IMG_0712.jpg 1600w\" sizes=\"(max-width: 231px) 100vw, 231px\" \/><\/a> <a href=\"https:\/\/www.pir.sik.si\/wp-content\/uploads\/2020\/11\/Slon-se-vrne-domov-2.jpg\" target=\"_blank\" rel=\"noopener noreferrer\"><img fetchpriority=\"high\" decoding=\"async\" class=\"alignnone wp-image-4698 size-medium\" src=\"https:\/\/www.pir.sik.si\/wp-content\/uploads\/2020\/11\/Slon-se-vrne-domov-2-300x171.jpg\" alt=\"\" width=\"300\" height=\"171\" srcset=\"https:\/\/www.pir.sik.si\/wp-content\/uploads\/2020\/11\/Slon-se-vrne-domov-2-300x171.jpg 300w, https:\/\/www.pir.sik.si\/wp-content\/uploads\/2020\/11\/Slon-se-vrne-domov-2-768x438.jpg 768w, https:\/\/www.pir.sik.si\/wp-content\/uploads\/2020\/11\/Slon-se-vrne-domov-2.jpg 800w\" sizes=\"(max-width: 300px) 100vw, 300px\" \/><\/a><\/p>\n","protected":false},"excerpt":{"rendered":"<p>Di regola si svolgono da ottobre a maggio (per bambini\u00a0dall&#8217;et\u00e0 di quattro anni) in ambedue le sedi: a Lucia il marted\u00ec dalle 18 alle 19, a Pirano il mercoled\u00ec dalle [&hellip;]<\/p>\n","protected":false},"author":2,"featured_media":0,"parent":5819,"menu_order":0,"comment_status":"closed","ping_status":"closed","template":"","meta":{"_acf_changed":false,"footnotes":""},"class_list":["post-5962","page","type-page","status-publish","hentry"],"acf":[],"_links":{"self":[{"href":"https:\/\/www.pir.sik.si\/it\/wp-json\/wp\/v2\/pages\/5962","targetHints":{"allow":["GET"]}}],"collection":[{"href":"https:\/\/www.pir.sik.si\/it\/wp-json\/wp\/v2\/pages"}],"about":[{"href":"https:\/\/www.pir.sik.si\/it\/wp-json\/wp\/v2\/types\/page"}],"author":[{"embeddable":true,"href":"https:\/\/www.pir.sik.si\/it\/wp-json\/wp\/v2\/users\/2"}],"replies":[{"embeddable":true,"href":"https:\/\/www.pir.sik.si\/it\/wp-json\/wp\/v2\/comments?post=5962"}],"version-history":[{"count":5,"href":"https:\/\/www.pir.sik.si\/it\/wp-json\/wp\/v2\/pages\/5962\/revisions"}],"predecessor-version":[{"id":6528,"href":"https:\/\/www.pir.sik.si\/it\/wp-json\/wp\/v2\/pages\/5962\/revisions\/6528"}],"up":[{"embeddable":true,"href":"https:\/\/www.pir.sik.si\/it\/wp-json\/wp\/v2\/pages\/5819"}],"wp:attachment":[{"href":"https:\/\/www.pir.sik.si\/it\/wp-json\/wp\/v2\/media?parent=5962"}],"curies":[{"name":"wp","href":"https:\/\/api.w.org\/{rel}","templated":true}]}}