{"id":6001,"date":"2020-12-17T13:16:57","date_gmt":"2020-12-17T12:16:57","guid":{"rendered":"http:\/\/novo.pir.sik.si\/?page_id=6001"},"modified":"2020-12-17T13:17:13","modified_gmt":"2020-12-17T12:17:13","slug":"langolo-dei-giochi","status":"publish","type":"page","link":"https:\/\/www.pir.sik.si\/it\/promozione-e-cultura-della-lettura\/infanzia\/langolo-dei-giochi\/","title":{"rendered":"L\u2019angolo dei giochi"},"content":{"rendered":"<p><span style=\"font-family: verdana, geneva, sans-serif; color: #333333;\">In ambedue le sedi della biblioteca civica, all\u2019interno delle sezioni giovanili, c\u2019\u00e8 un angolo dei giochi. Qui i bambini (auspichiamo la presenza dei genitori) hanno la possibilit\u00e0 di avvicinarsi e di partecipare ai giochi di gruppo, sociali, che stimolano le loro capacit\u00e0 creative e di pensiero.<\/span><\/p>\n<p><a href=\"https:\/\/www.pir.sik.si\/wp-content\/uploads\/2020\/11\/Igralni-koticek-1.jpg\" target=\"_blank\" rel=\"noopener noreferrer\"><img decoding=\"async\" class=\"alignnone wp-image-4392\" src=\"https:\/\/www.pir.sik.si\/wp-content\/uploads\/2020\/11\/Igralni-koticek-1-300x225.jpg\" alt=\"Mestna knji\u017enica Piran\" width=\"242\" height=\"181\" srcset=\"https:\/\/www.pir.sik.si\/wp-content\/uploads\/2020\/11\/Igralni-koticek-1-300x225.jpg 300w, https:\/\/www.pir.sik.si\/wp-content\/uploads\/2020\/11\/Igralni-koticek-1-768x576.jpg 768w, https:\/\/www.pir.sik.si\/wp-content\/uploads\/2020\/11\/Igralni-koticek-1.jpg 800w\" sizes=\"(max-width: 242px) 100vw, 242px\" \/><\/a> <a href=\"https:\/\/www.pir.sik.si\/wp-content\/uploads\/2020\/11\/20201127_123251-scaled.jpg\" target=\"_blank\" rel=\"noopener noreferrer\"><img decoding=\"async\" class=\"alignnone wp-image-5605\" src=\"https:\/\/www.pir.sik.si\/wp-content\/uploads\/2020\/11\/20201127_123251-300x225.jpg\" alt=\"\" width=\"241\" height=\"181\" srcset=\"https:\/\/www.pir.sik.si\/wp-content\/uploads\/2020\/11\/20201127_123251-300x225.jpg 300w, https:\/\/www.pir.sik.si\/wp-content\/uploads\/2020\/11\/20201127_123251-1024x768.jpg 1024w, https:\/\/www.pir.sik.si\/wp-content\/uploads\/2020\/11\/20201127_123251-768x576.jpg 768w, https:\/\/www.pir.sik.si\/wp-content\/uploads\/2020\/11\/20201127_123251-1536x1152.jpg 1536w, https:\/\/www.pir.sik.si\/wp-content\/uploads\/2020\/11\/20201127_123251-2048x1536.jpg 2048w, https:\/\/www.pir.sik.si\/wp-content\/uploads\/2020\/11\/20201127_123251-830x623.jpg 830w, https:\/\/www.pir.sik.si\/wp-content\/uploads\/2020\/11\/20201127_123251-940x705.jpg 940w\" sizes=\"(max-width: 241px) 100vw, 241px\" \/><\/a><\/p>\n","protected":false},"excerpt":{"rendered":"<p>In ambedue le sedi della biblioteca civica, all\u2019interno delle sezioni giovanili, c\u2019\u00e8 un angolo dei giochi. Qui i bambini (auspichiamo la presenza dei genitori) hanno la possibilit\u00e0 di avvicinarsi e [&hellip;]<\/p>\n","protected":false},"author":2,"featured_media":0,"parent":5819,"menu_order":0,"comment_status":"closed","ping_status":"closed","template":"","meta":{"_acf_changed":false,"footnotes":""},"class_list":["post-6001","page","type-page","status-publish","hentry"],"acf":[],"_links":{"self":[{"href":"https:\/\/www.pir.sik.si\/it\/wp-json\/wp\/v2\/pages\/6001","targetHints":{"allow":["GET"]}}],"collection":[{"href":"https:\/\/www.pir.sik.si\/it\/wp-json\/wp\/v2\/pages"}],"about":[{"href":"https:\/\/www.pir.sik.si\/it\/wp-json\/wp\/v2\/types\/page"}],"author":[{"embeddable":true,"href":"https:\/\/www.pir.sik.si\/it\/wp-json\/wp\/v2\/users\/2"}],"replies":[{"embeddable":true,"href":"https:\/\/www.pir.sik.si\/it\/wp-json\/wp\/v2\/comments?post=6001"}],"version-history":[{"count":1,"href":"https:\/\/www.pir.sik.si\/it\/wp-json\/wp\/v2\/pages\/6001\/revisions"}],"predecessor-version":[{"id":6002,"href":"https:\/\/www.pir.sik.si\/it\/wp-json\/wp\/v2\/pages\/6001\/revisions\/6002"}],"up":[{"embeddable":true,"href":"https:\/\/www.pir.sik.si\/it\/wp-json\/wp\/v2\/pages\/5819"}],"wp:attachment":[{"href":"https:\/\/www.pir.sik.si\/it\/wp-json\/wp\/v2\/media?parent=6001"}],"curies":[{"name":"wp","href":"https:\/\/api.w.org\/{rel}","templated":true}]}}